{"id":281,"date":"2021-12-08T18:49:07","date_gmt":"2021-12-08T21:49:07","guid":{"rendered":"https:\/\/rcointertrade.com\/?page_id=281"},"modified":"2022-02-09T14:11:06","modified_gmt":"2022-02-09T17:11:06","slug":"en-home","status":"publish","type":"page","link":"https:\/\/rcointertrade.com\/en\/","title":{"rendered":"Home"},"content":{"rendered":"<section class=\"l-section wpb_row height_auto width_full with_shape\"><div class=\"l-section-shape type_custom pos_bottom on_front\" style=\"height:10vh;color:#ffffff\"><svg xmlns=\"http:\/\/www.w3.org\/2000\/svg\" viewBox=\"0 0 500 500\"  preserveAspectRatio=\"none\" width=\"100%\" height=\"100%\"  >\r\n<path fill=\"#0470B9\" d=\"M500,0v500H0V0l250,440L500,0z\"\/>\r\n<path fill=\"#FFFFFF\" d=\"M500,50v450H0V50l250,440L500,50z\"\/>\r\n<\/svg>\r\n<\/div><div class=\"l-section-h i-cf\"><div class=\"g-cols via_flex valign_top type_default\"><div class=\"vc_col-sm-12 wpb_column vc_column_container\"><div class=\"vc_column-inner\"><div class=\"wpb_wrapper\"><div class=\"w-grid type_carousel layout_45\" id=\"us_grid_1\"><style>.layout_45 .w-grid-item-h{}<\/style><div class=\"w-grid-list owl-carousel navstyle_circle navpos_inside\" style=\"--arrows-size:1.8rem;\">\t<article class=\"w-grid-item post-434 banner type-banner status-publish has-post-thumbnail hentry\" data-id=\"434\">\r\n\t\t<div class=\"w-grid-item-h\">\r\n\t\t\t\t\t\t<div class=\"w-post-elm post_image usg_post_image_1 stretched\"><a rel=\"nofollow\" href=\"\/en\/services\/\" aria-label=\"EN &#8211; Banner 01\"><img decoding=\"async\" width=\"1600\" height=\"750\" src=\"https:\/\/rcointertrade.com\/wp-content\/uploads\/2021\/12\/banner-en.jpg\" class=\"attachment-full size-full wp-post-image\" alt=\"\" srcset=\"https:\/\/rcointertrade.com\/wp-content\/uploads\/2021\/12\/banner-en.jpg 1600w, https:\/\/rcointertrade.com\/wp-content\/uploads\/2021\/12\/banner-en-300x141.jpg 300w, https:\/\/rcointertrade.com\/wp-content\/uploads\/2021\/12\/banner-en-1024x480.jpg 1024w\" sizes=\"(max-width: 1600px) 100vw, 1600px\" \/><\/a><\/div>\t\t<\/div>\r\n\t<\/article>\r\n<\/div><div class=\"g-preloader type_1\">\r\n\t<div><\/div>\r\n<\/div>\r\n\t<div class=\"w-grid-json hidden\" onclick='return {&quot;action&quot;:&quot;us_ajax_grid&quot;,&quot;ajax_url&quot;:&quot;https:\\\/\\\/rcointertrade.com\\\/wp-admin\\\/admin-ajax.php&quot;,&quot;infinite_scroll&quot;:0,&quot;max_num_pages&quot;:1,&quot;pagination&quot;:&quot;none&quot;,&quot;permalink_url&quot;:&quot;https:\\\/\\\/rcointertrade.com\\\/en\\\/wp-json\\\/wp\\\/v2\\\/pages\\\/281\\\/&quot;,&quot;template_vars&quot;:{&quot;columns&quot;:&quot;1&quot;,&quot;exclude_items&quot;:&quot;none&quot;,&quot;img_size&quot;:&quot;default&quot;,&quot;ignore_items_size&quot;:false,&quot;items_layout&quot;:&quot;45&quot;,&quot;items_offset&quot;:&quot;1&quot;,&quot;load_animation&quot;:&quot;none&quot;,&quot;overriding_link&quot;:&quot;none&quot;,&quot;post_id&quot;:281,&quot;query_args&quot;:{&quot;post_type&quot;:[&quot;banner&quot;],&quot;post_status&quot;:[&quot;publish&quot;],&quot;posts_per_page&quot;:&quot;10&quot;},&quot;orderby_query_args&quot;:{&quot;orderby&quot;:{&quot;date&quot;:&quot;DESC&quot;}},&quot;type&quot;:&quot;carousel&quot;,&quot;us_grid_ajax_index&quot;:1,&quot;us_grid_filter_params&quot;:null,&quot;us_grid_index&quot;:1,&quot;_us_grid_post_type&quot;:&quot;banner&quot;,&quot;lang&quot;:&quot;en&quot;},&quot;carousel_settings&quot;:{&quot;autoHeight&quot;:0,&quot;autoplay&quot;:0,&quot;carousel_fade&quot;:1,&quot;center&quot;:0,&quot;dots&quot;:0,&quot;items&quot;:&quot;1&quot;,&quot;loop&quot;:false,&quot;nav&quot;:1,&quot;slideby&quot;:&quot;1&quot;,&quot;smooth_play&quot;:0,&quot;speed&quot;:250,&quot;timeout&quot;:4000,&quot;transition&quot;:&quot;&quot;},&quot;carousel_breakpoints&quot;:{&quot;1200&quot;:{&quot;items&quot;:1},&quot;900&quot;:{&quot;autoHeight&quot;:0,&quot;autoplay&quot;:0,&quot;autoplayHoverPause&quot;:0,&quot;items&quot;:1,&quot;loop&quot;:false},&quot;600&quot;:{&quot;autoHeight&quot;:0,&quot;autoplay&quot;:0,&quot;autoplayHoverPause&quot;:0,&quot;items&quot;:1,&quot;loop&quot;:false},&quot;0&quot;:{&quot;autoHeight&quot;:0,&quot;autoplay&quot;:0,&quot;autoplayHoverPause&quot;:0,&quot;items&quot;:1,&quot;loop&quot;:false}}}'><\/div>\r\n\t<\/div><\/div><\/div><\/div><\/div><\/div><\/section><section class=\"l-section wpb_row height_medium\"><div class=\"l-section-h i-cf\"><div class=\"g-cols via_flex valign_top type_default\"><div class=\"vc_col-sm-12 wpb_column vc_column_container\"><div class=\"vc_column-inner\"><div class=\"wpb_wrapper\"><h2 class=\"w-text us_custom_40824568\"><span class=\"w-text-h\"><span class=\"w-text-value\">Foreign trade services<\/span><\/span><\/h2><div class=\"w-separator size_medium\"><\/div><div class=\"w-grid type_grid layout_161 cols_3\" id=\"us_grid_2\"><style>#us_grid_2 .w-grid-item{padding:1.5rem}#us_grid_2 .w-grid-list{margin:-1.5rem}.w-grid + #us_grid_2 .w-grid-list,.w-grid-none + #us_grid_2 .w-grid-list{margin-top:1.5rem}@media (max-width:899px){#us_grid_2 .w-grid-item{width:50%}}@media (max-width:599px){#us_grid_2 .w-grid-list{margin:0}#us_grid_2 .w-grid-item{width:100%;padding:0;margin-bottom:1.5rem}}.layout_161 .w-grid-item-h{}.layout_161 .usg_post_title_1{font-size:1.5rem!important;margin-bottom:0.5rem!important}.layout_161 .usg_post_content_1{margin-top:0.5rem!important}<\/style><div class=\"w-grid-list\">\t<article class=\"w-grid-item size_1x1 post-332 servico type-servico status-publish has-post-thumbnail hentry\" data-id=\"332\">\r\n\t\t<div class=\"w-grid-item-h\">\r\n\t\t\t\t\t\t\t<a class=\"w-grid-item-anchor\" href=\"https:\/\/rcointertrade.com\/en\/servico\/structuring-the-import-area\/\" rel=\"bookmark\" aria-label=\"Structuring The Import Area\"><\/a>\r\n\t\t\t\t\t\t<div class=\"w-vwrapper usg_vwrapper_1 align_center valign_middle\"><div class=\"w-post-elm post_custom_field usg_post_custom_field_1 type_image\"><img decoding=\"async\" width=\"80\" height=\"80\" src=\"https:\/\/rcointertrade.com\/wp-content\/uploads\/2021\/10\/icone-estruturacao-area-importacao.png\" class=\"attachment-full size-full\" alt=\"\u00edcone estrutura\u00e7\u00e3o area de importa\u00e7\u00e3o\" \/><\/div><h3 class=\"w-post-elm post_title usg_post_title_1 entry-title color_link_inherit\"><a href=\"https:\/\/rcointertrade.com\/en\/servico\/structuring-the-import-area\/\">Structuring The Import Area<\/a><\/h3><div class=\"w-post-elm post_content usg_post_content_1\"><p>Team evaluation, training, recruitment and selection with analysis of technical competence, as well as analysis of processes, flows, procedures, controls and systems.<\/p>\n<\/div><\/div>\t\t<\/div>\r\n\t<\/article>\r\n\t<article class=\"w-grid-item size_1x1 post-331 servico type-servico status-publish has-post-thumbnail hentry\" data-id=\"331\">\r\n\t\t<div class=\"w-grid-item-h\">\r\n\t\t\t\t\t\t\t<a class=\"w-grid-item-anchor\" href=\"https:\/\/rcointertrade.com\/en\/servico\/operational-and-logistics\/\" rel=\"bookmark\" aria-label=\"Operational and Logistics\"><\/a>\r\n\t\t\t\t\t\t<div class=\"w-vwrapper usg_vwrapper_1 align_center valign_middle\"><div class=\"w-post-elm post_custom_field usg_post_custom_field_1 type_image\"><img decoding=\"async\" width=\"80\" height=\"80\" src=\"https:\/\/rcointertrade.com\/wp-content\/uploads\/2021\/10\/icone-operacao-e-logistica.png\" class=\"attachment-full size-full\" alt=\"\u00edcone opera\u00e7\u00e3o e log\u00edstica\" \/><\/div><h3 class=\"w-post-elm post_title usg_post_title_1 entry-title color_link_inherit\"><a href=\"https:\/\/rcointertrade.com\/en\/servico\/operational-and-logistics\/\">Operational and Logistics<\/a><\/h3><div class=\"w-post-elm post_content usg_post_content_1\"><p>Organization of customs schedules, analysis of ports of origin and destination and assessment of international freight and conditions.<\/p>\n<\/div><\/div>\t\t<\/div>\r\n\t<\/article>\r\n\t<article class=\"w-grid-item size_1x1 post-330 servico type-servico status-publish has-post-thumbnail hentry\" data-id=\"330\">\r\n\t\t<div class=\"w-grid-item-h\">\r\n\t\t\t\t\t\t\t<a class=\"w-grid-item-anchor\" href=\"https:\/\/rcointertrade.com\/en\/servico\/import-costs\/\" rel=\"bookmark\" aria-label=\"Import Costs\"><\/a>\r\n\t\t\t\t\t\t<div class=\"w-vwrapper usg_vwrapper_1 align_center valign_middle\"><div class=\"w-post-elm post_custom_field usg_post_custom_field_1 type_image\"><img decoding=\"async\" width=\"80\" height=\"80\" src=\"https:\/\/rcointertrade.com\/wp-content\/uploads\/2021\/10\/icone-custos-importacao.png\" class=\"attachment-full size-full\" alt=\"\u00edcone custo de importa\u00e7\u00e3o\" \/><\/div><h3 class=\"w-post-elm post_title usg_post_title_1 entry-title color_link_inherit\"><a href=\"https:\/\/rcointertrade.com\/en\/servico\/import-costs\/\">Import Costs<\/a><\/h3><div class=\"w-post-elm post_content usg_post_content_1\"><p>Analysis, preparation and evaluation of import costs, customs regime and classification, tax benefits, price competitiveness, regulatory standards and accounting.<\/p>\n<\/div><\/div>\t\t<\/div>\r\n\t<\/article>\r\n\t<article class=\"w-grid-item size_1x1 post-329 servico type-servico status-publish has-post-thumbnail hentry\" data-id=\"329\">\r\n\t\t<div class=\"w-grid-item-h\">\r\n\t\t\t\t\t\t\t<a class=\"w-grid-item-anchor\" href=\"https:\/\/rcointertrade.com\/en\/servico\/legal-and-contractual-advice\/\" rel=\"bookmark\" aria-label=\"Legal And Contractual Advice\"><\/a>\r\n\t\t\t\t\t\t<div class=\"w-vwrapper usg_vwrapper_1 align_center valign_middle\"><div class=\"w-post-elm post_custom_field usg_post_custom_field_1 type_image\"><img decoding=\"async\" width=\"80\" height=\"80\" src=\"https:\/\/rcointertrade.com\/wp-content\/uploads\/2021\/10\/icone-assessoria-juridica-contratual.png\" class=\"attachment-full size-full\" alt=\"\u00edcone assistencia juridica\" \/><\/div><h3 class=\"w-post-elm post_title usg_post_title_1 entry-title color_link_inherit\"><a href=\"https:\/\/rcointertrade.com\/en\/servico\/legal-and-contractual-advice\/\">Legal And Contractual Advice<\/a><\/h3><div class=\"w-post-elm post_content usg_post_content_1\"><p>Preparation and analysis of commercial contracts and shipping documents.<\/p>\n<\/div><\/div>\t\t<\/div>\r\n\t<\/article>\r\n\t<article class=\"w-grid-item size_1x1 post-328 servico type-servico status-publish has-post-thumbnail hentry\" data-id=\"328\">\r\n\t\t<div class=\"w-grid-item-h\">\r\n\t\t\t\t\t\t\t<a class=\"w-grid-item-anchor\" href=\"https:\/\/rcointertrade.com\/en\/servico\/trade-finance-assistance\/\" rel=\"bookmark\" aria-label=\"Trade Finance Assistance\"><\/a>\r\n\t\t\t\t\t\t<div class=\"w-vwrapper usg_vwrapper_1 align_center valign_middle\"><div class=\"w-post-elm post_custom_field usg_post_custom_field_1 type_image\"><img decoding=\"async\" width=\"80\" height=\"80\" src=\"https:\/\/rcointertrade.com\/wp-content\/uploads\/2021\/10\/icone-assistencia-financeira.png\" class=\"attachment-full size-full\" alt=\"\u00edcone assistencia financeira\" \/><\/div><h3 class=\"w-post-elm post_title usg_post_title_1 entry-title color_link_inherit\"><a href=\"https:\/\/rcointertrade.com\/en\/servico\/trade-finance-assistance\/\">Trade Finance Assistance<\/a><\/h3><div class=\"w-post-elm post_content usg_post_content_1\"><p>Negotiation with banks authorized to operate in foreign exchange, evaluation of the best financing costs, analysis and elaboration of bank guarantees.<\/p>\n<\/div><\/div>\t\t<\/div>\r\n\t<\/article>\r\n\t<article class=\"w-grid-item size_1x1 post-327 servico type-servico status-publish has-post-thumbnail hentry\" data-id=\"327\">\r\n\t\t<div class=\"w-grid-item-h\">\r\n\t\t\t\t\t\t\t<a class=\"w-grid-item-anchor\" href=\"https:\/\/rcointertrade.com\/en\/servico\/advice-on-radars-qualification\/\" rel=\"bookmark\" aria-label=\"Advice on RADAR\u00b4s Qualification\"><\/a>\r\n\t\t\t\t\t\t<div class=\"w-vwrapper usg_vwrapper_1 align_center valign_middle\"><div class=\"w-post-elm post_custom_field usg_post_custom_field_1 type_image\"><img decoding=\"async\" width=\"80\" height=\"80\" src=\"https:\/\/rcointertrade.com\/wp-content\/uploads\/2021\/10\/icone-assessoria-habilitacao-siscomex.png\" class=\"attachment-full size-full\" alt=\"icone assessoria habilitacao siscomex\" \/><\/div><h3 class=\"w-post-elm post_title usg_post_title_1 entry-title color_link_inherit\"><a href=\"https:\/\/rcointertrade.com\/en\/servico\/advice-on-radars-qualification\/\">Advice on RADAR\u00b4s Qualification<\/a><\/h3><div class=\"w-post-elm post_content usg_post_content_1\"><p>RADAR, guidance in the presentation of documents, structuring in the import modality and neutralizing the occurrence of fraudulent interposition.<\/p>\n<\/div><\/div>\t\t<\/div>\r\n\t<\/article>\r\n<\/div><div class=\"w-grid-preloader\"><div class=\"g-preloader type_1\">\r\n\t<div><\/div>\r\n<\/div>\r\n<\/div>\t<div class=\"w-grid-json hidden\" onclick='return {&quot;action&quot;:&quot;us_ajax_grid&quot;,&quot;ajax_url&quot;:&quot;https:\\\/\\\/rcointertrade.com\\\/wp-admin\\\/admin-ajax.php&quot;,&quot;infinite_scroll&quot;:0,&quot;max_num_pages&quot;:2,&quot;pagination&quot;:&quot;none&quot;,&quot;permalink_url&quot;:&quot;https:\\\/\\\/rcointertrade.com\\\/en\\\/wp-json\\\/wp\\\/v2\\\/pages\\\/281\\\/&quot;,&quot;template_vars&quot;:{&quot;columns&quot;:&quot;3&quot;,&quot;exclude_items&quot;:&quot;none&quot;,&quot;img_size&quot;:&quot;default&quot;,&quot;ignore_items_size&quot;:false,&quot;items_layout&quot;:&quot;161&quot;,&quot;items_offset&quot;:&quot;1&quot;,&quot;load_animation&quot;:&quot;none&quot;,&quot;overriding_link&quot;:&quot;post&quot;,&quot;post_id&quot;:434,&quot;query_args&quot;:{&quot;post_type&quot;:[&quot;servico&quot;],&quot;post_status&quot;:[&quot;publish&quot;],&quot;posts_per_page&quot;:&quot;6&quot;},&quot;orderby_query_args&quot;:{&quot;orderby&quot;:{&quot;date&quot;:&quot;DESC&quot;}},&quot;type&quot;:&quot;grid&quot;,&quot;us_grid_ajax_index&quot;:1,&quot;us_grid_filter_params&quot;:null,&quot;us_grid_index&quot;:2,&quot;_us_grid_post_type&quot;:&quot;servico&quot;,&quot;lang&quot;:&quot;en&quot;}}'><\/div>\r\n\t<\/div><div class=\"w-separator size_small\"><\/div><div class=\"w-btn-wrapper align_center\"><a class=\"w-btn us-btn-style_1\" title=\"International Trade Services\" href=\"https:\/\/rcointertrade.com\/en\/services\/\"><span class=\"w-btn-label\">Learn More<\/span><\/a><\/div><\/div><\/div><\/div><\/div><\/div><\/section><section class=\"l-section wpb_row height_auto color_primary\"><div class=\"l-section-h i-cf\"><div class=\"g-cols via_flex valign_middle type_default\"><div class=\"vc_col-sm-6 wpb_column vc_column_container has_bg_color stretched\"><div class=\"vc_column-inner us_custom_cb9ac37f\"><div class=\"wpb_wrapper\"><div class=\"w-separator size_custom\" style=\"height:12rem\"><\/div><\/div><\/div><\/div><div class=\"vc_col-sm-6 wpb_column vc_column_container\"><div class=\"vc_column-inner\"><div class=\"wpb_wrapper\"><div class=\"w-separator size_medium\"><\/div><h2 class=\"w-text us_custom_492179a4\"><span class=\"w-text-h\"><span class=\"w-text-value\">RCO InterTrade.<\/span><\/span><\/h2><div class=\"wpb_text_column\"><div class=\"wpb_wrapper\"><p>Finding the best way is easier when you already know the roads. RCO InterTrade has over 20 years of experience in national and international processes, trade relations and legislation.<\/p>\n<p>Everything to offer the most efficient solutions in foreign trade for your business.<\/p>\n<\/div><\/div><div class=\"w-btn-wrapper align_none\"><a class=\"w-btn us-btn-style_3\" title=\"About us\" href=\"https:\/\/rcointertrade.com\/en\/about-us\/\"><span class=\"w-btn-label\">Learn More<\/span><\/a><\/div><div class=\"w-separator size_medium\"><\/div><\/div><\/div><\/div><\/div><\/div><\/section>\n","protected":false},"excerpt":{"rendered":"Foreign trade processes. RCO InterTrade has more than 20 years of experience in International Trade procedures and will provide a solid and reliable guidance on matters such as: Preparation of necessary documents. Important aspects that are taken into consideration by the Federal Revenue of Brazil. Import on its own, by order or on behalf of...","protected":false},"author":2,"featured_media":0,"parent":0,"menu_order":0,"comment_status":"closed","ping_status":"closed","template":"","meta":{"inline_featured_image":false,"footnotes":""},"class_list":["post-281","page","type-page","status-publish","hentry"],"yoast_head":"<!-- This site is optimized with the Yoast SEO plugin v27.4 - https:\/\/yoast.com\/product\/yoast-seo-wordpress\/ -->\n<title>RCO Intertrade - International Trade Services<\/title>\n<meta name=\"description\" content=\"International Trade Services. Based on more than 20 years of experience, RCO InterTrade offers complete consultancy and advice.\" \/>\n<meta name=\"robots\" content=\"index, follow, max-snippet:-1, max-image-preview:large, max-video-preview:-1\" \/>\n<link rel=\"canonical\" href=\"https:\/\/rcointertrade.com\/en\/\" \/>\n<meta property=\"og:locale\" content=\"en_US\" \/>\n<meta property=\"og:type\" content=\"article\" \/>\n<meta property=\"og:title\" content=\"RCO Intertrade - International Trade Services\" \/>\n<meta property=\"og:description\" content=\"International Trade Services. Based on more than 20 years of experience, RCO InterTrade offers complete consultancy and advice.\" \/>\n<meta property=\"og:url\" content=\"https:\/\/rcointertrade.com\/en\/\" \/>\n<meta property=\"og:site_name\" content=\"RCO Intertrade\" \/>\n<meta property=\"article:modified_time\" content=\"2022-02-09T17:11:06+00:00\" \/>\n<meta name=\"twitter:card\" content=\"summary_large_image\" \/>\n<meta name=\"twitter:label1\" content=\"Est. reading time\" \/>\n\t<meta name=\"twitter:data1\" content=\"1 minute\" \/>\n<script type=\"application\/ld+json\" class=\"yoast-schema-graph\">{\"@context\":\"https:\\\/\\\/schema.org\",\"@graph\":[{\"@type\":\"WebPage\",\"@id\":\"https:\\\/\\\/rcointertrade.com\\\/en\\\/\",\"url\":\"https:\\\/\\\/rcointertrade.com\\\/en\\\/\",\"name\":\"RCO Intertrade - International Trade Services\",\"isPartOf\":{\"@id\":\"https:\\\/\\\/rcointertrade.com\\\/en\\\/#website\"},\"datePublished\":\"2021-12-08T21:49:07+00:00\",\"dateModified\":\"2022-02-09T17:11:06+00:00\",\"description\":\"International Trade Services. Based on more than 20 years of experience, RCO InterTrade offers complete consultancy and advice.\",\"breadcrumb\":{\"@id\":\"https:\\\/\\\/rcointertrade.com\\\/en\\\/#breadcrumb\"},\"inLanguage\":\"en-US\",\"potentialAction\":[{\"@type\":\"ReadAction\",\"target\":[\"https:\\\/\\\/rcointertrade.com\\\/en\\\/\"]}]},{\"@type\":\"BreadcrumbList\",\"@id\":\"https:\\\/\\\/rcointertrade.com\\\/en\\\/#breadcrumb\",\"itemListElement\":[{\"@type\":\"ListItem\",\"position\":1,\"name\":\"In\u00edcio\",\"item\":\"https:\\\/\\\/rcointertrade.com\\\/en\\\/\"},{\"@type\":\"ListItem\",\"position\":2,\"name\":\"Home\"}]},{\"@type\":\"WebSite\",\"@id\":\"https:\\\/\\\/rcointertrade.com\\\/en\\\/#website\",\"url\":\"https:\\\/\\\/rcointertrade.com\\\/en\\\/\",\"name\":\"RCO Intertrade\",\"description\":\"Com\u00e9rcio Exterior\",\"potentialAction\":[{\"@type\":\"SearchAction\",\"target\":{\"@type\":\"EntryPoint\",\"urlTemplate\":\"https:\\\/\\\/rcointertrade.com\\\/en\\\/?s={search_term_string}\"},\"query-input\":{\"@type\":\"PropertyValueSpecification\",\"valueRequired\":true,\"valueName\":\"search_term_string\"}}],\"inLanguage\":\"en-US\"}]}<\/script>\n<!-- \/ Yoast SEO plugin. -->","yoast_head_json":{"title":"RCO Intertrade - International Trade Services","description":"International Trade Services. Based on more than 20 years of experience, RCO InterTrade offers complete consultancy and advice.","robots":{"index":"index","follow":"follow","max-snippet":"max-snippet:-1","max-image-preview":"max-image-preview:large","max-video-preview":"max-video-preview:-1"},"canonical":"https:\/\/rcointertrade.com\/en\/","og_locale":"en_US","og_type":"article","og_title":"RCO Intertrade - International Trade Services","og_description":"International Trade Services. Based on more than 20 years of experience, RCO InterTrade offers complete consultancy and advice.","og_url":"https:\/\/rcointertrade.com\/en\/","og_site_name":"RCO Intertrade","article_modified_time":"2022-02-09T17:11:06+00:00","twitter_card":"summary_large_image","twitter_misc":{"Est. reading time":"1 minute"},"schema":{"@context":"https:\/\/schema.org","@graph":[{"@type":"WebPage","@id":"https:\/\/rcointertrade.com\/en\/","url":"https:\/\/rcointertrade.com\/en\/","name":"RCO Intertrade - International Trade Services","isPartOf":{"@id":"https:\/\/rcointertrade.com\/en\/#website"},"datePublished":"2021-12-08T21:49:07+00:00","dateModified":"2022-02-09T17:11:06+00:00","description":"International Trade Services. Based on more than 20 years of experience, RCO InterTrade offers complete consultancy and advice.","breadcrumb":{"@id":"https:\/\/rcointertrade.com\/en\/#breadcrumb"},"inLanguage":"en-US","potentialAction":[{"@type":"ReadAction","target":["https:\/\/rcointertrade.com\/en\/"]}]},{"@type":"BreadcrumbList","@id":"https:\/\/rcointertrade.com\/en\/#breadcrumb","itemListElement":[{"@type":"ListItem","position":1,"name":"In\u00edcio","item":"https:\/\/rcointertrade.com\/en\/"},{"@type":"ListItem","position":2,"name":"Home"}]},{"@type":"WebSite","@id":"https:\/\/rcointertrade.com\/en\/#website","url":"https:\/\/rcointertrade.com\/en\/","name":"RCO Intertrade","description":"Com\u00e9rcio Exterior","potentialAction":[{"@type":"SearchAction","target":{"@type":"EntryPoint","urlTemplate":"https:\/\/rcointertrade.com\/en\/?s={search_term_string}"},"query-input":{"@type":"PropertyValueSpecification","valueRequired":true,"valueName":"search_term_string"}}],"inLanguage":"en-US"}]}},"_links":{"self":[{"href":"https:\/\/rcointertrade.com\/en\/wp-json\/wp\/v2\/pages\/281","targetHints":{"allow":["GET"]}}],"collection":[{"href":"https:\/\/rcointertrade.com\/en\/wp-json\/wp\/v2\/pages"}],"about":[{"href":"https:\/\/rcointertrade.com\/en\/wp-json\/wp\/v2\/types\/page"}],"author":[{"embeddable":true,"href":"https:\/\/rcointertrade.com\/en\/wp-json\/wp\/v2\/users\/2"}],"replies":[{"embeddable":true,"href":"https:\/\/rcointertrade.com\/en\/wp-json\/wp\/v2\/comments?post=281"}],"version-history":[{"count":3,"href":"https:\/\/rcointertrade.com\/en\/wp-json\/wp\/v2\/pages\/281\/revisions"}],"predecessor-version":[{"id":550,"href":"https:\/\/rcointertrade.com\/en\/wp-json\/wp\/v2\/pages\/281\/revisions\/550"}],"wp:attachment":[{"href":"https:\/\/rcointertrade.com\/en\/wp-json\/wp\/v2\/media?parent=281"}],"curies":[{"name":"wp","href":"https:\/\/api.w.org\/{rel}","templated":true}]}}