{"id":286,"date":"2021-12-08T18:49:07","date_gmt":"2021-12-08T21:49:07","guid":{"rendered":"https:\/\/rcointertrade.com\/?page_id=286"},"modified":"2021-12-12T11:33:17","modified_gmt":"2021-12-12T14:33:17","slug":"services","status":"publish","type":"page","link":"https:\/\/rcointertrade.com\/en\/services\/","title":{"rendered":"International Trade Services"},"content":{"rendered":"<section class=\"l-section wpb_row height_medium\"><div class=\"l-section-h i-cf\"><div class=\"g-cols via_flex valign_top type_default\"><div class=\"vc_col-sm-12 wpb_column vc_column_container\"><div class=\"vc_column-inner\"><div class=\"wpb_wrapper\"><h2 class=\"w-text us_custom_40824568\"><span class=\"w-text-h\"><span class=\"w-text-value\">International Trade Services<\/span><\/span><\/h2><div class=\"w-separator size_medium\"><\/div><div class=\"w-grid type_grid layout_161 cols_3\" id=\"us_grid_1\" data-filterable=\"true\"><style>#us_grid_1 .w-grid-item{padding:1.5rem}#us_grid_1 .w-grid-list{margin:-1.5rem}.w-grid + #us_grid_1 .w-grid-list,.w-grid-none + #us_grid_1 .w-grid-list{margin-top:1.5rem}@media (max-width:899px){#us_grid_1 .w-grid-item{width:50%}}@media (max-width:599px){#us_grid_1 .w-grid-list{margin:0}#us_grid_1 .w-grid-item{width:100%;padding:0;margin-bottom:1.5rem}}.layout_161 .w-grid-item-h{}.layout_161 .usg_post_title_1{font-size:1.5rem!important;margin-bottom:0.5rem!important}.layout_161 .usg_post_content_1{margin-top:0.5rem!important}<\/style><div class=\"w-grid-list\">\t<article class=\"w-grid-item size_1x1 post-332 servico type-servico status-publish has-post-thumbnail hentry\" data-id=\"332\">\r\n\t\t<div class=\"w-grid-item-h\">\r\n\t\t\t\t\t\t\t<a class=\"w-grid-item-anchor\" href=\"https:\/\/rcointertrade.com\/en\/servico\/structuring-the-import-area\/\" rel=\"bookmark\" aria-label=\"Structuring The Import Area\"><\/a>\r\n\t\t\t\t\t\t<div class=\"w-vwrapper usg_vwrapper_1 align_center valign_middle\"><div class=\"w-post-elm post_custom_field usg_post_custom_field_1 type_image\"><img decoding=\"async\" width=\"80\" height=\"80\" src=\"https:\/\/rcointertrade.com\/wp-content\/uploads\/2021\/10\/icone-estruturacao-area-importacao.png\" class=\"attachment-full size-full\" alt=\"\u00edcone estrutura\u00e7\u00e3o area de importa\u00e7\u00e3o\" \/><\/div><h3 class=\"w-post-elm post_title usg_post_title_1 entry-title color_link_inherit\"><a href=\"https:\/\/rcointertrade.com\/en\/servico\/structuring-the-import-area\/\">Structuring The Import Area<\/a><\/h3><div class=\"w-post-elm post_content usg_post_content_1\"><p>Team evaluation, training, recruitment and selection with analysis of technical competence, as well as analysis of processes, flows, procedures, controls and systems.<\/p>\n<\/div><\/div>\t\t<\/div>\r\n\t<\/article>\r\n\t<article class=\"w-grid-item size_1x1 post-331 servico type-servico status-publish has-post-thumbnail hentry\" data-id=\"331\">\r\n\t\t<div class=\"w-grid-item-h\">\r\n\t\t\t\t\t\t\t<a class=\"w-grid-item-anchor\" href=\"https:\/\/rcointertrade.com\/en\/servico\/operational-and-logistics\/\" rel=\"bookmark\" aria-label=\"Operational and Logistics\"><\/a>\r\n\t\t\t\t\t\t<div class=\"w-vwrapper usg_vwrapper_1 align_center valign_middle\"><div class=\"w-post-elm post_custom_field usg_post_custom_field_1 type_image\"><img decoding=\"async\" width=\"80\" height=\"80\" src=\"https:\/\/rcointertrade.com\/wp-content\/uploads\/2021\/10\/icone-operacao-e-logistica.png\" class=\"attachment-full size-full\" alt=\"\u00edcone opera\u00e7\u00e3o e log\u00edstica\" \/><\/div><h3 class=\"w-post-elm post_title usg_post_title_1 entry-title color_link_inherit\"><a href=\"https:\/\/rcointertrade.com\/en\/servico\/operational-and-logistics\/\">Operational and Logistics<\/a><\/h3><div class=\"w-post-elm post_content usg_post_content_1\"><p>Organization of customs schedules, analysis of ports of origin and destination and assessment of international freight and conditions.<\/p>\n<\/div><\/div>\t\t<\/div>\r\n\t<\/article>\r\n\t<article class=\"w-grid-item size_1x1 post-330 servico type-servico status-publish has-post-thumbnail hentry\" data-id=\"330\">\r\n\t\t<div class=\"w-grid-item-h\">\r\n\t\t\t\t\t\t\t<a class=\"w-grid-item-anchor\" href=\"https:\/\/rcointertrade.com\/en\/servico\/import-costs\/\" rel=\"bookmark\" aria-label=\"Import Costs\"><\/a>\r\n\t\t\t\t\t\t<div class=\"w-vwrapper usg_vwrapper_1 align_center valign_middle\"><div class=\"w-post-elm post_custom_field usg_post_custom_field_1 type_image\"><img decoding=\"async\" width=\"80\" height=\"80\" src=\"https:\/\/rcointertrade.com\/wp-content\/uploads\/2021\/10\/icone-custos-importacao.png\" class=\"attachment-full size-full\" alt=\"\u00edcone custo de importa\u00e7\u00e3o\" \/><\/div><h3 class=\"w-post-elm post_title usg_post_title_1 entry-title color_link_inherit\"><a href=\"https:\/\/rcointertrade.com\/en\/servico\/import-costs\/\">Import Costs<\/a><\/h3><div class=\"w-post-elm post_content usg_post_content_1\"><p>Analysis, preparation and evaluation of import costs, customs regime and classification, tax benefits, price competitiveness, regulatory standards and accounting.<\/p>\n<\/div><\/div>\t\t<\/div>\r\n\t<\/article>\r\n\t<article class=\"w-grid-item size_1x1 post-329 servico type-servico status-publish has-post-thumbnail hentry\" data-id=\"329\">\r\n\t\t<div class=\"w-grid-item-h\">\r\n\t\t\t\t\t\t\t<a class=\"w-grid-item-anchor\" href=\"https:\/\/rcointertrade.com\/en\/servico\/legal-and-contractual-advice\/\" rel=\"bookmark\" aria-label=\"Legal And Contractual Advice\"><\/a>\r\n\t\t\t\t\t\t<div class=\"w-vwrapper usg_vwrapper_1 align_center valign_middle\"><div class=\"w-post-elm post_custom_field usg_post_custom_field_1 type_image\"><img decoding=\"async\" width=\"80\" height=\"80\" src=\"https:\/\/rcointertrade.com\/wp-content\/uploads\/2021\/10\/icone-assessoria-juridica-contratual.png\" class=\"attachment-full size-full\" alt=\"\u00edcone assistencia juridica\" \/><\/div><h3 class=\"w-post-elm post_title usg_post_title_1 entry-title color_link_inherit\"><a href=\"https:\/\/rcointertrade.com\/en\/servico\/legal-and-contractual-advice\/\">Legal And Contractual Advice<\/a><\/h3><div class=\"w-post-elm post_content usg_post_content_1\"><p>Preparation and analysis of commercial contracts and shipping documents.<\/p>\n<\/div><\/div>\t\t<\/div>\r\n\t<\/article>\r\n\t<article class=\"w-grid-item size_1x1 post-328 servico type-servico status-publish has-post-thumbnail hentry\" data-id=\"328\">\r\n\t\t<div class=\"w-grid-item-h\">\r\n\t\t\t\t\t\t\t<a class=\"w-grid-item-anchor\" href=\"https:\/\/rcointertrade.com\/en\/servico\/trade-finance-assistance\/\" rel=\"bookmark\" aria-label=\"Trade Finance Assistance\"><\/a>\r\n\t\t\t\t\t\t<div class=\"w-vwrapper usg_vwrapper_1 align_center valign_middle\"><div class=\"w-post-elm post_custom_field usg_post_custom_field_1 type_image\"><img decoding=\"async\" width=\"80\" height=\"80\" src=\"https:\/\/rcointertrade.com\/wp-content\/uploads\/2021\/10\/icone-assistencia-financeira.png\" class=\"attachment-full size-full\" alt=\"\u00edcone assistencia financeira\" \/><\/div><h3 class=\"w-post-elm post_title usg_post_title_1 entry-title color_link_inherit\"><a href=\"https:\/\/rcointertrade.com\/en\/servico\/trade-finance-assistance\/\">Trade Finance Assistance<\/a><\/h3><div class=\"w-post-elm post_content usg_post_content_1\"><p>Negotiation with banks authorized to operate in foreign exchange, evaluation of the best financing costs, analysis and elaboration of bank guarantees.<\/p>\n<\/div><\/div>\t\t<\/div>\r\n\t<\/article>\r\n\t<article class=\"w-grid-item size_1x1 post-327 servico type-servico status-publish has-post-thumbnail hentry\" data-id=\"327\">\r\n\t\t<div class=\"w-grid-item-h\">\r\n\t\t\t\t\t\t\t<a class=\"w-grid-item-anchor\" href=\"https:\/\/rcointertrade.com\/en\/servico\/advice-on-radars-qualification\/\" rel=\"bookmark\" aria-label=\"Advice on RADAR\u00b4s Qualification\"><\/a>\r\n\t\t\t\t\t\t<div class=\"w-vwrapper usg_vwrapper_1 align_center valign_middle\"><div class=\"w-post-elm post_custom_field usg_post_custom_field_1 type_image\"><img decoding=\"async\" width=\"80\" height=\"80\" src=\"https:\/\/rcointertrade.com\/wp-content\/uploads\/2021\/10\/icone-assessoria-habilitacao-siscomex.png\" class=\"attachment-full size-full\" alt=\"icone assessoria habilitacao siscomex\" \/><\/div><h3 class=\"w-post-elm post_title usg_post_title_1 entry-title color_link_inherit\"><a href=\"https:\/\/rcointertrade.com\/en\/servico\/advice-on-radars-qualification\/\">Advice on RADAR\u00b4s Qualification<\/a><\/h3><div class=\"w-post-elm post_content usg_post_content_1\"><p>RADAR, guidance in the presentation of documents, structuring in the import modality and neutralizing the occurrence of fraudulent interposition.<\/p>\n<\/div><\/div>\t\t<\/div>\r\n\t<\/article>\r\n\t<article class=\"w-grid-item size_1x1 post-326 servico type-servico status-publish has-post-thumbnail hentry\" data-id=\"326\">\r\n\t\t<div class=\"w-grid-item-h\">\r\n\t\t\t\t\t\t\t<a class=\"w-grid-item-anchor\" href=\"https:\/\/rcointertrade.com\/en\/servico\/global-sourcing\/\" rel=\"bookmark\" aria-label=\"Global Sourcing\"><\/a>\r\n\t\t\t\t\t\t<div class=\"w-vwrapper usg_vwrapper_1 align_center valign_middle\"><div class=\"w-post-elm post_custom_field usg_post_custom_field_1 type_image\"><img decoding=\"async\" width=\"80\" height=\"80\" src=\"https:\/\/rcointertrade.com\/wp-content\/uploads\/2021\/10\/icone-global-sourcing.png\" class=\"attachment-full size-full\" alt=\"\u00edcone global sourcing\" \/><\/div><h3 class=\"w-post-elm post_title usg_post_title_1 entry-title color_link_inherit\"><a href=\"https:\/\/rcointertrade.com\/en\/servico\/global-sourcing\/\">Global Sourcing<\/a><\/h3><div class=\"w-post-elm post_content usg_post_content_1\"><p>Identification, evaluation, analysis of suppliers and commercial conditions that most apply to your business.<\/p>\n<\/div><\/div>\t\t<\/div>\r\n\t<\/article>\r\n<\/div><div class=\"w-grid-preloader\"><div class=\"g-preloader type_1\">\r\n\t<div><\/div>\r\n<\/div>\r\n<\/div>\t<div class=\"w-grid-json hidden\" onclick='return {&quot;action&quot;:&quot;us_ajax_grid&quot;,&quot;ajax_url&quot;:&quot;https:\\\/\\\/rcointertrade.com\\\/wp-admin\\\/admin-ajax.php&quot;,&quot;infinite_scroll&quot;:0,&quot;max_num_pages&quot;:1,&quot;pagination&quot;:&quot;none&quot;,&quot;permalink_url&quot;:&quot;https:\\\/\\\/rcointertrade.com\\\/en\\\/wp-json\\\/wp\\\/v2\\\/pages\\\/286\\\/&quot;,&quot;template_vars&quot;:{&quot;columns&quot;:&quot;3&quot;,&quot;exclude_items&quot;:&quot;none&quot;,&quot;img_size&quot;:&quot;default&quot;,&quot;ignore_items_size&quot;:false,&quot;items_layout&quot;:&quot;161&quot;,&quot;items_offset&quot;:&quot;1&quot;,&quot;load_animation&quot;:&quot;none&quot;,&quot;overriding_link&quot;:&quot;post&quot;,&quot;post_id&quot;:286,&quot;query_args&quot;:{&quot;post_type&quot;:[&quot;servico&quot;],&quot;post_status&quot;:[&quot;publish&quot;],&quot;posts_per_page&quot;:&quot;12&quot;},&quot;orderby_query_args&quot;:{&quot;orderby&quot;:{&quot;date&quot;:&quot;DESC&quot;}},&quot;type&quot;:&quot;grid&quot;,&quot;us_grid_ajax_index&quot;:1,&quot;us_grid_filter_params&quot;:null,&quot;us_grid_index&quot;:1,&quot;_us_grid_post_type&quot;:&quot;servico&quot;,&quot;lang&quot;:&quot;en&quot;}}'><\/div>\r\n\t<\/div><\/div><\/div><\/div><\/div><\/div><\/section>\n","protected":false},"excerpt":{"rendered":"Together, we will find out the ideal solutions for your business. After a detailed analysis, we will research and define the best commercial conditions for your company including: Prices FOB, CFR or CIF (the best and most suitable INCOTERMS). Quality, packaging, technical specification. Supplier's brand or private label. Exclusivity. Official certifications (MAPA, ANVISA, INMETRO, etc.)....","protected":false},"author":2,"featured_media":0,"parent":0,"menu_order":0,"comment_status":"closed","ping_status":"closed","template":"","meta":{"inline_featured_image":false,"footnotes":""},"class_list":["post-286","page","type-page","status-publish","hentry"],"yoast_head":"<!-- This site is optimized with the Yoast SEO plugin v27.4 - https:\/\/yoast.com\/product\/yoast-seo-wordpress\/ -->\n<title>International Trade Services - RCO Intertrade<\/title>\n<meta name=\"robots\" content=\"index, follow, max-snippet:-1, max-image-preview:large, max-video-preview:-1\" \/>\n<link rel=\"canonical\" href=\"https:\/\/rcointertrade.com\/en\/services\/\" \/>\n<meta property=\"og:locale\" content=\"en_US\" \/>\n<meta property=\"og:type\" content=\"article\" \/>\n<meta property=\"og:title\" content=\"International Trade Services - RCO Intertrade\" \/>\n<meta property=\"og:url\" content=\"https:\/\/rcointertrade.com\/en\/services\/\" \/>\n<meta property=\"og:site_name\" content=\"RCO Intertrade\" \/>\n<meta property=\"article:modified_time\" content=\"2021-12-12T14:33:17+00:00\" \/>\n<meta name=\"twitter:card\" content=\"summary_large_image\" \/>\n<meta name=\"twitter:label1\" content=\"Est. reading time\" \/>\n\t<meta name=\"twitter:data1\" content=\"1 minute\" \/>\n<script type=\"application\/ld+json\" class=\"yoast-schema-graph\">{\"@context\":\"https:\\\/\\\/schema.org\",\"@graph\":[{\"@type\":\"WebPage\",\"@id\":\"https:\\\/\\\/rcointertrade.com\\\/en\\\/services\\\/\",\"url\":\"https:\\\/\\\/rcointertrade.com\\\/en\\\/services\\\/\",\"name\":\"International Trade Services - RCO Intertrade\",\"isPartOf\":{\"@id\":\"https:\\\/\\\/rcointertrade.com\\\/en\\\/#website\"},\"datePublished\":\"2021-12-08T21:49:07+00:00\",\"dateModified\":\"2021-12-12T14:33:17+00:00\",\"breadcrumb\":{\"@id\":\"https:\\\/\\\/rcointertrade.com\\\/en\\\/services\\\/#breadcrumb\"},\"inLanguage\":\"en-US\",\"potentialAction\":[{\"@type\":\"ReadAction\",\"target\":[\"https:\\\/\\\/rcointertrade.com\\\/en\\\/services\\\/\"]}]},{\"@type\":\"BreadcrumbList\",\"@id\":\"https:\\\/\\\/rcointertrade.com\\\/en\\\/services\\\/#breadcrumb\",\"itemListElement\":[{\"@type\":\"ListItem\",\"position\":1,\"name\":\"In\u00edcio\",\"item\":\"https:\\\/\\\/rcointertrade.com\\\/en\\\/\"},{\"@type\":\"ListItem\",\"position\":2,\"name\":\"International Trade Services\"}]},{\"@type\":\"WebSite\",\"@id\":\"https:\\\/\\\/rcointertrade.com\\\/en\\\/#website\",\"url\":\"https:\\\/\\\/rcointertrade.com\\\/en\\\/\",\"name\":\"RCO Intertrade\",\"description\":\"Com\u00e9rcio Exterior\",\"potentialAction\":[{\"@type\":\"SearchAction\",\"target\":{\"@type\":\"EntryPoint\",\"urlTemplate\":\"https:\\\/\\\/rcointertrade.com\\\/en\\\/?s={search_term_string}\"},\"query-input\":{\"@type\":\"PropertyValueSpecification\",\"valueRequired\":true,\"valueName\":\"search_term_string\"}}],\"inLanguage\":\"en-US\"}]}<\/script>\n<!-- \/ Yoast SEO plugin. -->","yoast_head_json":{"title":"International Trade Services - RCO Intertrade","robots":{"index":"index","follow":"follow","max-snippet":"max-snippet:-1","max-image-preview":"max-image-preview:large","max-video-preview":"max-video-preview:-1"},"canonical":"https:\/\/rcointertrade.com\/en\/services\/","og_locale":"en_US","og_type":"article","og_title":"International Trade Services - RCO Intertrade","og_url":"https:\/\/rcointertrade.com\/en\/services\/","og_site_name":"RCO Intertrade","article_modified_time":"2021-12-12T14:33:17+00:00","twitter_card":"summary_large_image","twitter_misc":{"Est. reading time":"1 minute"},"schema":{"@context":"https:\/\/schema.org","@graph":[{"@type":"WebPage","@id":"https:\/\/rcointertrade.com\/en\/services\/","url":"https:\/\/rcointertrade.com\/en\/services\/","name":"International Trade Services - RCO Intertrade","isPartOf":{"@id":"https:\/\/rcointertrade.com\/en\/#website"},"datePublished":"2021-12-08T21:49:07+00:00","dateModified":"2021-12-12T14:33:17+00:00","breadcrumb":{"@id":"https:\/\/rcointertrade.com\/en\/services\/#breadcrumb"},"inLanguage":"en-US","potentialAction":[{"@type":"ReadAction","target":["https:\/\/rcointertrade.com\/en\/services\/"]}]},{"@type":"BreadcrumbList","@id":"https:\/\/rcointertrade.com\/en\/services\/#breadcrumb","itemListElement":[{"@type":"ListItem","position":1,"name":"In\u00edcio","item":"https:\/\/rcointertrade.com\/en\/"},{"@type":"ListItem","position":2,"name":"International Trade Services"}]},{"@type":"WebSite","@id":"https:\/\/rcointertrade.com\/en\/#website","url":"https:\/\/rcointertrade.com\/en\/","name":"RCO Intertrade","description":"Com\u00e9rcio Exterior","potentialAction":[{"@type":"SearchAction","target":{"@type":"EntryPoint","urlTemplate":"https:\/\/rcointertrade.com\/en\/?s={search_term_string}"},"query-input":{"@type":"PropertyValueSpecification","valueRequired":true,"valueName":"search_term_string"}}],"inLanguage":"en-US"}]}},"_links":{"self":[{"href":"https:\/\/rcointertrade.com\/en\/wp-json\/wp\/v2\/pages\/286","targetHints":{"allow":["GET"]}}],"collection":[{"href":"https:\/\/rcointertrade.com\/en\/wp-json\/wp\/v2\/pages"}],"about":[{"href":"https:\/\/rcointertrade.com\/en\/wp-json\/wp\/v2\/types\/page"}],"author":[{"embeddable":true,"href":"https:\/\/rcointertrade.com\/en\/wp-json\/wp\/v2\/users\/2"}],"replies":[{"embeddable":true,"href":"https:\/\/rcointertrade.com\/en\/wp-json\/wp\/v2\/comments?post=286"}],"version-history":[{"count":0,"href":"https:\/\/rcointertrade.com\/en\/wp-json\/wp\/v2\/pages\/286\/revisions"}],"wp:attachment":[{"href":"https:\/\/rcointertrade.com\/en\/wp-json\/wp\/v2\/media?parent=286"}],"curies":[{"name":"wp","href":"https:\/\/api.w.org\/{rel}","templated":true}]}}