{"id":303,"date":"2021-12-08T18:52:15","date_gmt":"2021-12-08T21:52:15","guid":{"rendered":"https:\/\/rcointertrade.com\/?page_id=303"},"modified":"2021-12-17T10:33:55","modified_gmt":"2021-12-17T13:33:55","slug":"entrar-en-contacto","status":"publish","type":"page","link":"https:\/\/rcointertrade.com\/es\/entrar-en-contacto\/","title":{"rendered":"Entrar en Contacto"},"content":{"rendered":"<section class=\"l-section wpb_row height_medium\"><div class=\"l-section-h i-cf\"><div class=\"g-cols via_flex valign_top type_default\"><div class=\"vc_col-sm-6 wpb_column vc_column_container\"><div class=\"vc_column-inner\"><div class=\"wpb_wrapper\"><h2 class=\"w-text\"><span class=\"w-text-h\"><span class=\"w-text-value\">Ahora, acerqu\u00e9monos.<\/span><\/span><\/h2><div class=\"w-separator size_custom\" style=\"height:1.5rem\"><\/div><div class=\"wpb_text_column\"><div class=\"wpb_wrapper\"><p>Rellena el siguiente formulario y habla m\u00e1s sobre tus dudas o necesidades.<\/p>\n<\/div><\/div>\n<div class=\"wpcf7 no-js\" id=\"wpcf7-f325-o1\" lang=\"es-ES\" dir=\"ltr\" data-wpcf7-id=\"325\">\n<div class=\"screen-reader-response\"><p role=\"status\" aria-live=\"polite\" aria-atomic=\"true\"><\/p> <ul><\/ul><\/div>\n<form action=\"\/es\/wp-json\/wp\/v2\/pages\/303#wpcf7-f325-o1\" method=\"post\" class=\"wpcf7-form init\" aria-label=\"Formulario de contacto\" novalidate=\"novalidate\" data-status=\"init\">\n<fieldset class=\"hidden-fields-container\"><input type=\"hidden\" name=\"_wpcf7\" value=\"325\" \/><input type=\"hidden\" name=\"_wpcf7_version\" value=\"6.1.5\" \/><input type=\"hidden\" name=\"_wpcf7_locale\" value=\"es_ES\" \/><input type=\"hidden\" name=\"_wpcf7_unit_tag\" value=\"wpcf7-f325-o1\" \/><input type=\"hidden\" name=\"_wpcf7_container_post\" value=\"0\" \/><input type=\"hidden\" name=\"_wpcf7_posted_data_hash\" value=\"\" \/><input type=\"hidden\" name=\"_wpcf7dtx_version\" value=\"5.0.5\" \/>\n<\/fieldset>\n<div class=\"g-cols via_flex formulario\">\n\t<div class=\"vc_col-sm-6\">\n\t\t<p><span class=\"wpcf7-form-control-wrap\" data-name=\"your-name\"><input size=\"40\" maxlength=\"400\" class=\"wpcf7-form-control wpcf7-text wpcf7-validates-as-required\" aria-required=\"true\" aria-invalid=\"false\" placeholder=\"Nombre*\" value=\"\" type=\"text\" name=\"your-name\" \/><\/span>\n\t\t<\/p>\n\t<\/div>\n\t<div class=\"vc_col-sm-6\">\n\t\t<p><span class=\"wpcf7-form-control-wrap\" data-name=\"your-email\"><input size=\"40\" maxlength=\"400\" class=\"wpcf7-form-control wpcf7-email wpcf7-validates-as-required wpcf7-text wpcf7-validates-as-email\" aria-required=\"true\" aria-invalid=\"false\" placeholder=\"E-mail*\" value=\"\" type=\"email\" name=\"your-email\" \/><\/span>\n\t\t<\/p>\n\t<\/div>\n\t<div class=\"vc_col-sm-6\">\n\t\t<p><span class=\"wpcf7-form-control-wrap\" data-name=\"your-phone\"><input size=\"40\" maxlength=\"400\" class=\"wpcf7-form-control wpcf7-text wpcf7-validates-as-required phone\" aria-required=\"true\" aria-invalid=\"false\" placeholder=\"Correo electr\u00f3nico*\" value=\"\" type=\"text\" name=\"your-phone\" \/><\/span>\n\t\t<\/p>\n\t<\/div>\n\t<div class=\"vc_col-sm-6\">\n\t\t<p><span class=\"wpcf7-form-control-wrap\" data-name=\"your-empresa\"><input size=\"40\" maxlength=\"400\" class=\"wpcf7-form-control wpcf7-text wpcf7-validates-as-required\" aria-required=\"true\" aria-invalid=\"false\" placeholder=\"Empresa*\" value=\"\" type=\"text\" name=\"your-empresa\" \/><\/span>\n\t\t<\/p>\n\t<\/div>\n\t<div class=\"vc_col-sm-12\">\n\t\t<p><span class=\"wpcf7-form-control-wrap\" data-name=\"your-message\"><textarea cols=\"40\" rows=\"10\" maxlength=\"2000\" class=\"wpcf7-form-control wpcf7-textarea wpcf7-validates-as-required\" aria-required=\"true\" aria-invalid=\"false\" placeholder=\"Mensaje*\" name=\"your-message\"><\/textarea><\/span>\n\t\t<\/p>\n\t<\/div>\n\t<div class=\"vc_col-sm-12\">\n\t\t<p>Introduce este c\u00f3digo: <input type=\"hidden\" name=\"_wpcf7_captcha_challenge_captcha-1\" value=\"423242541\" \/><img decoding=\"async\" class=\"wpcf7-form-control wpcf7-captchac wpcf7-captcha-captcha-1\" width=\"72\" height=\"24\" alt=\"captcha\" src=\"https:\/\/rcointertrade.com\/wp-content\/uploads\/wpcf7_captcha\/423242541.png\" \/>\n\t\t<\/p>\n\t\t<p><span class=\"wpcf7-form-control-wrap\" data-name=\"captcha-1\"><input size=\"40\" class=\"wpcf7-form-control wpcf7-captchar\" autocomplete=\"off\" aria-invalid=\"false\" placeholder=\"Ingrese el c\u00f3digo de arriba aqu\u00ed*\" value=\"\" type=\"text\" name=\"captcha-1\" \/><\/span>\n\t\t<\/p>\n\t<\/div>\n\t<div class=\"vc_col-sm-12\">\n\t\t<p><span class=\"wpcf7-form-control-wrap\" data-name=\"acceptance-79\"><span class=\"wpcf7-form-control wpcf7-acceptance\"><span class=\"wpcf7-list-item\"><label><input type=\"checkbox\" name=\"acceptance-79\" value=\"1\" aria-invalid=\"false\" \/><span class=\"wpcf7-list-item-label\"><span style=\"font-size: 0.8rem;\">Acepto los t\u00e9rminos de la <a href=\"https:\/\/rcointertrade.com\/es\/politica-de-privacidad\/\" target=\"_blank\" rel=\"noopener\">Pol\u00edtica de Privacidad<\/a><\/span><\/span><\/label><\/span><\/span><\/span>\n\t\t<\/p>\n\t<\/div>\n\t<div class=\"vc_col-sm-6\">\n\t\t<p><span id=\"wpcf7-69ea49911453f-wrapper\" class=\"wpcf7-form-control-wrap email-website-spamkiller-wrap\" style=\"display:none !important; visibility:hidden !important;\"><label for=\"wpcf7-69ea49911453f-field\" class=\"hp-message\">Por favor, deja este campo vac\u00edo.<\/label><input id=\"wpcf7-69ea49911453f-field\"  class=\"wpcf7-form-control wpcf7-text\" type=\"text\" name=\"email-website-spamkiller\" value=\"\" size=\"40\" tabindex=\"-1\" autocomplete=\"new-password\" \/><\/span><input class=\"wpcf7-form-control wpcf7-submit has-spinner\" type=\"submit\" value=\"Mandar\" \/>\n\t\t<\/p>\n\t<\/div>\n<\/div><div class=\"wpcf7-response-output\" aria-hidden=\"true\"><\/div>\n<\/form>\n<\/div>\n<\/div><\/div><\/div><div class=\"vc_col-sm-6 wpb_column vc_column_container\"><div class=\"vc_column-inner\"><div class=\"wpb_wrapper\"><h2 class=\"w-text\"><span class=\"w-text-h\"><span class=\"w-text-value\">Detalles de contacto<\/span><\/span><\/h2><div class=\"w-separator size_custom\" style=\"height:1.5rem\"><\/div><div class=\"w-vwrapper align_none valign_top\" style=\"--vwrapper-gap:1.5rem\"><div class=\"w-iconbox iconpos_left style_default color_primary align_left\"><div class=\"w-iconbox-icon\" style=\"font-size:2rem;\"><i class=\"fas fa-clock\"><\/i><\/div><div class=\"w-iconbox-meta\"><h3 class=\"w-iconbox-title\" style=\"font-size:1.1rem;\">Horas de oficina<\/h3><div class=\"w-iconbox-text\"><p>Lunes a viernes de 9 a 18 hs. \u2013 UTC -3h00<\/p>\n<\/div><\/div><\/div><div class=\"w-iconbox iconpos_left style_default color_primary align_left\"><div class=\"w-iconbox-icon\" style=\"font-size:2rem;\"><i class=\"fas fa-envelope\"><\/i><\/div><div class=\"w-iconbox-meta\"><h3 class=\"w-iconbox-title\" style=\"font-size:1.1rem;\">Correo Electr\u00f3nico<\/h3><div class=\"w-iconbox-text\"><p><a href=\"mailto:wilson.oura@rcointertrade.com\" target=\"_blank\" rel=\"noopener noreferrer\">wilson.oura@rcointertrade.com<\/a><\/p>\n<\/div><\/div><\/div><div class=\"w-iconbox iconpos_left style_default color_primary align_left\"><div class=\"w-iconbox-icon\" style=\"font-size:2rem;\"><i class=\"fas fa-phone\"><\/i><\/div><div class=\"w-iconbox-meta\"><h3 class=\"w-iconbox-title\" style=\"font-size:1.1rem;\">Tel\u00e9fono<\/h3><div class=\"w-iconbox-text\"><p><a href=\"tel:+5511989326262\" target=\"_blank\" rel=\"noopener\">+55 (11) 98932-6262 <\/a>Brasil<br \/>\n<a href=\"tel:+17869014254\" target=\"_blank\" rel=\"noopener\">+1 786.901.4254<\/a> USA (exterior)<\/p>\n<\/div><\/div><\/div><div class=\"w-socials us_custom_c96a8a09 color_link shape_square style_default hover_none\"><div class=\"w-socials-list\"><div class=\"w-socials-item linkedin\"><a class=\"w-socials-item-link\" href=\"https:\/\/www.linkedin.com\/in\/wilsontoura\/\" target=\"_blank\" rel=\"noopener nofollow\" title=\"LinkedIn\" aria-label=\"LinkedIn\"><span class=\"w-socials-item-link-hover\"><\/span><i class=\"fab fa-linkedin\"><\/i><\/a><div class=\"w-socials-item-popup\"><span>LinkedIn<\/span><\/div><\/div><\/div><\/div><\/div><\/div><\/div><\/div><\/div><\/div><\/section>\n","protected":false},"excerpt":{"rendered":"Ahora, acerqu\u00e9monos.Rellena el siguiente formulario y habla m\u00e1s sobre tus dudas o necesidades. Introduce este c\u00f3digo: Acepto los t\u00e9rminos de la Pol\u00edtica de Privacidad Por favor, deja este campo vac\u00edo. Detalles de contactoHoras de oficinaLunes a viernes de 9 a 18 hs. \u2013 UTC -3h00 Correo Electr\u00f3nicowilson.oura@rcointertrade.com Tel\u00e9fono+55 (11) 98932-6262 Brasil +1 786.901.4254 USA (exterior)...","protected":false},"author":2,"featured_media":0,"parent":0,"menu_order":0,"comment_status":"closed","ping_status":"closed","template":"","meta":{"inline_featured_image":false,"footnotes":""},"class_list":["post-303","page","type-page","status-publish","hentry"],"yoast_head":"<!-- This site is optimized with the Yoast SEO plugin v27.4 - https:\/\/yoast.com\/product\/yoast-seo-wordpress\/ -->\n<title>Entrar en Contacto - RCO Intertrade<\/title>\n<meta name=\"robots\" content=\"index, follow, max-snippet:-1, max-image-preview:large, max-video-preview:-1\" \/>\n<link rel=\"canonical\" href=\"https:\/\/rcointertrade.com\/es\/entrar-en-contacto\/\" \/>\n<meta property=\"og:locale\" content=\"es_ES\" \/>\n<meta property=\"og:type\" content=\"article\" \/>\n<meta property=\"og:title\" content=\"Entrar en Contacto - RCO Intertrade\" \/>\n<meta property=\"og:url\" content=\"https:\/\/rcointertrade.com\/es\/entrar-en-contacto\/\" \/>\n<meta property=\"og:site_name\" content=\"RCO Intertrade\" \/>\n<meta property=\"article:modified_time\" content=\"2021-12-17T13:33:55+00:00\" \/>\n<meta name=\"twitter:card\" content=\"summary_large_image\" \/>\n<meta name=\"twitter:label1\" content=\"Tiempo de lectura\" \/>\n\t<meta name=\"twitter:data1\" content=\"1 minuto\" \/>\n<script type=\"application\/ld+json\" class=\"yoast-schema-graph\">{\"@context\":\"https:\\\/\\\/schema.org\",\"@graph\":[{\"@type\":\"WebPage\",\"@id\":\"https:\\\/\\\/rcointertrade.com\\\/es\\\/entrar-en-contacto\\\/\",\"url\":\"https:\\\/\\\/rcointertrade.com\\\/es\\\/entrar-en-contacto\\\/\",\"name\":\"Entrar en Contacto - RCO Intertrade\",\"isPartOf\":{\"@id\":\"https:\\\/\\\/rcointertrade.com\\\/en\\\/#website\"},\"datePublished\":\"2021-12-08T21:52:15+00:00\",\"dateModified\":\"2021-12-17T13:33:55+00:00\",\"breadcrumb\":{\"@id\":\"https:\\\/\\\/rcointertrade.com\\\/es\\\/entrar-en-contacto\\\/#breadcrumb\"},\"inLanguage\":\"es\",\"potentialAction\":[{\"@type\":\"ReadAction\",\"target\":[\"https:\\\/\\\/rcointertrade.com\\\/es\\\/entrar-en-contacto\\\/\"]}]},{\"@type\":\"BreadcrumbList\",\"@id\":\"https:\\\/\\\/rcointertrade.com\\\/es\\\/entrar-en-contacto\\\/#breadcrumb\",\"itemListElement\":[{\"@type\":\"ListItem\",\"position\":1,\"name\":\"In\u00edcio\",\"item\":\"https:\\\/\\\/rcointertrade.com\\\/es\\\/\"},{\"@type\":\"ListItem\",\"position\":2,\"name\":\"Entrar en Contacto\"}]},{\"@type\":\"WebSite\",\"@id\":\"https:\\\/\\\/rcointertrade.com\\\/en\\\/#website\",\"url\":\"https:\\\/\\\/rcointertrade.com\\\/en\\\/\",\"name\":\"RCO Intertrade\",\"description\":\"Com\u00e9rcio Exterior\",\"potentialAction\":[{\"@type\":\"SearchAction\",\"target\":{\"@type\":\"EntryPoint\",\"urlTemplate\":\"https:\\\/\\\/rcointertrade.com\\\/en\\\/?s={search_term_string}\"},\"query-input\":{\"@type\":\"PropertyValueSpecification\",\"valueRequired\":true,\"valueName\":\"search_term_string\"}}],\"inLanguage\":\"es\"}]}<\/script>\n<!-- \/ Yoast SEO plugin. -->","yoast_head_json":{"title":"Entrar en Contacto - RCO Intertrade","robots":{"index":"index","follow":"follow","max-snippet":"max-snippet:-1","max-image-preview":"max-image-preview:large","max-video-preview":"max-video-preview:-1"},"canonical":"https:\/\/rcointertrade.com\/es\/entrar-en-contacto\/","og_locale":"es_ES","og_type":"article","og_title":"Entrar en Contacto - RCO Intertrade","og_url":"https:\/\/rcointertrade.com\/es\/entrar-en-contacto\/","og_site_name":"RCO Intertrade","article_modified_time":"2021-12-17T13:33:55+00:00","twitter_card":"summary_large_image","twitter_misc":{"Tiempo de lectura":"1 minuto"},"schema":{"@context":"https:\/\/schema.org","@graph":[{"@type":"WebPage","@id":"https:\/\/rcointertrade.com\/es\/entrar-en-contacto\/","url":"https:\/\/rcointertrade.com\/es\/entrar-en-contacto\/","name":"Entrar en Contacto - RCO Intertrade","isPartOf":{"@id":"https:\/\/rcointertrade.com\/en\/#website"},"datePublished":"2021-12-08T21:52:15+00:00","dateModified":"2021-12-17T13:33:55+00:00","breadcrumb":{"@id":"https:\/\/rcointertrade.com\/es\/entrar-en-contacto\/#breadcrumb"},"inLanguage":"es","potentialAction":[{"@type":"ReadAction","target":["https:\/\/rcointertrade.com\/es\/entrar-en-contacto\/"]}]},{"@type":"BreadcrumbList","@id":"https:\/\/rcointertrade.com\/es\/entrar-en-contacto\/#breadcrumb","itemListElement":[{"@type":"ListItem","position":1,"name":"In\u00edcio","item":"https:\/\/rcointertrade.com\/es\/"},{"@type":"ListItem","position":2,"name":"Entrar en Contacto"}]},{"@type":"WebSite","@id":"https:\/\/rcointertrade.com\/en\/#website","url":"https:\/\/rcointertrade.com\/en\/","name":"RCO Intertrade","description":"Com\u00e9rcio Exterior","potentialAction":[{"@type":"SearchAction","target":{"@type":"EntryPoint","urlTemplate":"https:\/\/rcointertrade.com\/en\/?s={search_term_string}"},"query-input":{"@type":"PropertyValueSpecification","valueRequired":true,"valueName":"search_term_string"}}],"inLanguage":"es"}]}},"_links":{"self":[{"href":"https:\/\/rcointertrade.com\/es\/wp-json\/wp\/v2\/pages\/303","targetHints":{"allow":["GET"]}}],"collection":[{"href":"https:\/\/rcointertrade.com\/es\/wp-json\/wp\/v2\/pages"}],"about":[{"href":"https:\/\/rcointertrade.com\/es\/wp-json\/wp\/v2\/types\/page"}],"author":[{"embeddable":true,"href":"https:\/\/rcointertrade.com\/es\/wp-json\/wp\/v2\/users\/2"}],"replies":[{"embeddable":true,"href":"https:\/\/rcointertrade.com\/es\/wp-json\/wp\/v2\/comments?post=303"}],"version-history":[{"count":0,"href":"https:\/\/rcointertrade.com\/es\/wp-json\/wp\/v2\/pages\/303\/revisions"}],"wp:attachment":[{"href":"https:\/\/rcointertrade.com\/es\/wp-json\/wp\/v2\/media?parent=303"}],"curies":[{"name":"wp","href":"https:\/\/api.w.org\/{rel}","templated":true}]}}