{"id":305,"date":"2021-12-08T18:52:15","date_gmt":"2021-12-08T21:52:15","guid":{"rendered":"https:\/\/rcointertrade.com\/?page_id=305"},"modified":"2022-02-09T14:12:50","modified_gmt":"2022-02-09T17:12:50","slug":"es-home","status":"publish","type":"page","link":"https:\/\/rcointertrade.com\/es\/","title":{"rendered":"In\u00edcio"},"content":{"rendered":"<section class=\"l-section wpb_row height_auto width_full with_shape\"><div class=\"l-section-shape type_custom pos_bottom on_front\" style=\"height:10vh;color:#ffffff\"><svg xmlns=\"http:\/\/www.w3.org\/2000\/svg\" viewBox=\"0 0 500 500\"  preserveAspectRatio=\"none\" width=\"100%\" height=\"100%\"  >\r\n<path fill=\"#0470B9\" d=\"M500,0v500H0V0l250,440L500,0z\"\/>\r\n<path fill=\"#FFFFFF\" d=\"M500,50v450H0V50l250,440L500,50z\"\/>\r\n<\/svg>\r\n<\/div><div class=\"l-section-h i-cf\"><div class=\"g-cols via_flex valign_top type_default\"><div class=\"vc_col-sm-12 wpb_column vc_column_container\"><div class=\"vc_column-inner\"><div class=\"wpb_wrapper\"><div class=\"w-grid type_carousel layout_45\" id=\"us_grid_1\"><style>.layout_45 .w-grid-item-h{}<\/style><div class=\"w-grid-list owl-carousel navstyle_circle navpos_inside\" style=\"--arrows-size:1.8rem;\">\t<article class=\"w-grid-item post-433 banner type-banner status-publish has-post-thumbnail hentry\" data-id=\"433\">\r\n\t\t<div class=\"w-grid-item-h\">\r\n\t\t\t\t\t\t<div class=\"w-post-elm post_image usg_post_image_1 stretched\"><a rel=\"nofollow\" href=\"\/es\/servicios\/\" aria-label=\"Banner 01\"><img decoding=\"async\" width=\"1600\" height=\"750\" src=\"https:\/\/rcointertrade.com\/wp-content\/uploads\/2021\/12\/banner-es.jpg\" class=\"attachment-full size-full wp-post-image\" alt=\"Logo RCO Intertrade\" srcset=\"https:\/\/rcointertrade.com\/wp-content\/uploads\/2021\/12\/banner-es.jpg 1600w, https:\/\/rcointertrade.com\/wp-content\/uploads\/2021\/12\/banner-es-300x141.jpg 300w, https:\/\/rcointertrade.com\/wp-content\/uploads\/2021\/12\/banner-es-1024x480.jpg 1024w\" sizes=\"(max-width: 1600px) 100vw, 1600px\" \/><\/a><\/div>\t\t<\/div>\r\n\t<\/article>\r\n<\/div><div class=\"g-preloader type_1\">\r\n\t<div><\/div>\r\n<\/div>\r\n\t<div class=\"w-grid-json hidden\" onclick='return {&quot;action&quot;:&quot;us_ajax_grid&quot;,&quot;ajax_url&quot;:&quot;https:\\\/\\\/rcointertrade.com\\\/wp-admin\\\/admin-ajax.php&quot;,&quot;infinite_scroll&quot;:0,&quot;max_num_pages&quot;:1,&quot;pagination&quot;:&quot;none&quot;,&quot;permalink_url&quot;:&quot;https:\\\/\\\/rcointertrade.com\\\/es\\\/wp-json\\\/wp\\\/v2\\\/pages\\\/305\\\/&quot;,&quot;template_vars&quot;:{&quot;columns&quot;:&quot;1&quot;,&quot;exclude_items&quot;:&quot;none&quot;,&quot;img_size&quot;:&quot;default&quot;,&quot;ignore_items_size&quot;:false,&quot;items_layout&quot;:&quot;45&quot;,&quot;items_offset&quot;:&quot;1&quot;,&quot;load_animation&quot;:&quot;none&quot;,&quot;overriding_link&quot;:&quot;none&quot;,&quot;post_id&quot;:305,&quot;query_args&quot;:{&quot;post_type&quot;:[&quot;banner&quot;],&quot;post_status&quot;:[&quot;publish&quot;],&quot;posts_per_page&quot;:&quot;10&quot;},&quot;orderby_query_args&quot;:{&quot;orderby&quot;:{&quot;date&quot;:&quot;DESC&quot;}},&quot;type&quot;:&quot;carousel&quot;,&quot;us_grid_ajax_index&quot;:1,&quot;us_grid_filter_params&quot;:null,&quot;us_grid_index&quot;:1,&quot;_us_grid_post_type&quot;:&quot;banner&quot;,&quot;lang&quot;:&quot;es&quot;},&quot;carousel_settings&quot;:{&quot;autoHeight&quot;:0,&quot;autoplay&quot;:0,&quot;carousel_fade&quot;:1,&quot;center&quot;:0,&quot;dots&quot;:0,&quot;items&quot;:&quot;1&quot;,&quot;loop&quot;:false,&quot;nav&quot;:1,&quot;slideby&quot;:&quot;1&quot;,&quot;smooth_play&quot;:0,&quot;speed&quot;:250,&quot;timeout&quot;:4000,&quot;transition&quot;:&quot;&quot;},&quot;carousel_breakpoints&quot;:{&quot;1200&quot;:{&quot;items&quot;:1},&quot;900&quot;:{&quot;autoHeight&quot;:0,&quot;autoplay&quot;:0,&quot;autoplayHoverPause&quot;:0,&quot;items&quot;:1,&quot;loop&quot;:false},&quot;600&quot;:{&quot;autoHeight&quot;:0,&quot;autoplay&quot;:0,&quot;autoplayHoverPause&quot;:0,&quot;items&quot;:1,&quot;loop&quot;:false},&quot;0&quot;:{&quot;autoHeight&quot;:0,&quot;autoplay&quot;:0,&quot;autoplayHoverPause&quot;:0,&quot;items&quot;:1,&quot;loop&quot;:false}}}'><\/div>\r\n\t<\/div><\/div><\/div><\/div><\/div><\/div><\/section><section class=\"l-section wpb_row height_medium\"><div class=\"l-section-h i-cf\"><div class=\"g-cols via_flex valign_top type_default\"><div class=\"vc_col-sm-12 wpb_column vc_column_container\"><div class=\"vc_column-inner\"><div class=\"wpb_wrapper\"><h2 class=\"w-text us_custom_40824568\"><span class=\"w-text-h\"><span class=\"w-text-value\">Servicios de Comercio Internacional<\/span><\/span><\/h2><div class=\"w-separator size_medium\"><\/div><div class=\"w-grid type_grid layout_161 cols_3\" id=\"us_grid_2\"><style>#us_grid_2 .w-grid-item{padding:1.5rem}#us_grid_2 .w-grid-list{margin:-1.5rem}.w-grid + #us_grid_2 .w-grid-list,.w-grid-none + #us_grid_2 .w-grid-list{margin-top:1.5rem}@media (max-width:899px){#us_grid_2 .w-grid-item{width:50%}}@media (max-width:599px){#us_grid_2 .w-grid-list{margin:0}#us_grid_2 .w-grid-item{width:100%;padding:0;margin-bottom:1.5rem}}.layout_161 .w-grid-item-h{}.layout_161 .usg_post_title_1{font-size:1.5rem!important;margin-bottom:0.5rem!important}.layout_161 .usg_post_content_1{margin-top:0.5rem!important}<\/style><div class=\"w-grid-list\">\t<article class=\"w-grid-item size_1x1 post-339 servico type-servico status-publish has-post-thumbnail hentry\" data-id=\"339\">\r\n\t\t<div class=\"w-grid-item-h\">\r\n\t\t\t\t\t\t\t<a class=\"w-grid-item-anchor\" href=\"https:\/\/rcointertrade.com\/es\/servico\/estructurando-el-departamiento-de-importacion\/\" rel=\"bookmark\" aria-label=\"Estructurando El Departamiento de Importaci\u00f3n\"><\/a>\r\n\t\t\t\t\t\t<div class=\"w-vwrapper usg_vwrapper_1 align_center valign_middle\"><div class=\"w-post-elm post_custom_field usg_post_custom_field_1 type_image\"><img decoding=\"async\" width=\"80\" height=\"80\" src=\"https:\/\/rcointertrade.com\/wp-content\/uploads\/2021\/10\/icone-estruturacao-area-importacao.png\" class=\"attachment-full size-full\" alt=\"\u00edcone estrutura\u00e7\u00e3o area de importa\u00e7\u00e3o\" \/><\/div><h3 class=\"w-post-elm post_title usg_post_title_1 entry-title color_link_inherit\"><a href=\"https:\/\/rcointertrade.com\/es\/servico\/estructurando-el-departamiento-de-importacion\/\">Estructurando El Departamiento de Importaci\u00f3n<\/a><\/h3><div class=\"w-post-elm post_content usg_post_content_1\"><p>Evaluaci\u00f3n, formaci\u00f3n, reclutamiento y selecci\u00f3n de equipos con an\u00e1lisis de competencia t\u00e9cnica, as\u00ed como an\u00e1lisis de procesos, flujos, procedimientos, controles y sistemas.<\/p>\n<\/div><\/div>\t\t<\/div>\r\n\t<\/article>\r\n\t<article class=\"w-grid-item size_1x1 post-338 servico type-servico status-publish has-post-thumbnail hentry\" data-id=\"338\">\r\n\t\t<div class=\"w-grid-item-h\">\r\n\t\t\t\t\t\t\t<a class=\"w-grid-item-anchor\" href=\"https:\/\/rcointertrade.com\/es\/servico\/operacional-y-logistica\/\" rel=\"bookmark\" aria-label=\"Operacional y logistica\"><\/a>\r\n\t\t\t\t\t\t<div class=\"w-vwrapper usg_vwrapper_1 align_center valign_middle\"><div class=\"w-post-elm post_custom_field usg_post_custom_field_1 type_image\"><img decoding=\"async\" width=\"80\" height=\"80\" src=\"https:\/\/rcointertrade.com\/wp-content\/uploads\/2021\/10\/icone-operacao-e-logistica.png\" class=\"attachment-full size-full\" alt=\"\u00edcone opera\u00e7\u00e3o e log\u00edstica\" \/><\/div><h3 class=\"w-post-elm post_title usg_post_title_1 entry-title color_link_inherit\"><a href=\"https:\/\/rcointertrade.com\/es\/servico\/operacional-y-logistica\/\">Operacional y logistica<\/a><\/h3><div class=\"w-post-elm post_content usg_post_content_1\"><p>Organizaci\u00f3n de horarios aduaneros, an\u00e1lisis de puertos de origen y destino y valoraci\u00f3n de fletes y condiciones internacionales.<\/p>\n<\/div><\/div>\t\t<\/div>\r\n\t<\/article>\r\n\t<article class=\"w-grid-item size_1x1 post-337 servico type-servico status-publish has-post-thumbnail hentry\" data-id=\"337\">\r\n\t\t<div class=\"w-grid-item-h\">\r\n\t\t\t\t\t\t\t<a class=\"w-grid-item-anchor\" href=\"https:\/\/rcointertrade.com\/es\/servico\/costos-de-importacion\/\" rel=\"bookmark\" aria-label=\"Costos de Importaci\u00f3n\"><\/a>\r\n\t\t\t\t\t\t<div class=\"w-vwrapper usg_vwrapper_1 align_center valign_middle\"><div class=\"w-post-elm post_custom_field usg_post_custom_field_1 type_image\"><img decoding=\"async\" width=\"80\" height=\"80\" src=\"https:\/\/rcointertrade.com\/wp-content\/uploads\/2021\/10\/icone-custos-importacao.png\" class=\"attachment-full size-full\" alt=\"\u00edcone custo de importa\u00e7\u00e3o\" \/><\/div><h3 class=\"w-post-elm post_title usg_post_title_1 entry-title color_link_inherit\"><a href=\"https:\/\/rcointertrade.com\/es\/servico\/costos-de-importacion\/\">Costos de Importaci\u00f3n<\/a><\/h3><div class=\"w-post-elm post_content usg_post_content_1\"><p>An\u00e1lisis, elaboraci\u00f3n y evaluaci\u00f3n de costos de importaci\u00f3n, r\u00e9gimen y clasificaci\u00f3n aduanera, beneficios fiscales, competitividad de precios, normas regulatorias y contables.<\/p>\n<\/div><\/div>\t\t<\/div>\r\n\t<\/article>\r\n\t<article class=\"w-grid-item size_1x1 post-336 servico type-servico status-publish has-post-thumbnail hentry\" data-id=\"336\">\r\n\t\t<div class=\"w-grid-item-h\">\r\n\t\t\t\t\t\t\t<a class=\"w-grid-item-anchor\" href=\"https:\/\/rcointertrade.com\/es\/servico\/asesoramiento-legal-y-contractual\/\" rel=\"bookmark\" aria-label=\"Asesoramiento Legal y Contractual\"><\/a>\r\n\t\t\t\t\t\t<div class=\"w-vwrapper usg_vwrapper_1 align_center valign_middle\"><div class=\"w-post-elm post_custom_field usg_post_custom_field_1 type_image\"><img decoding=\"async\" width=\"80\" height=\"80\" src=\"https:\/\/rcointertrade.com\/wp-content\/uploads\/2021\/10\/icone-assessoria-juridica-contratual.png\" class=\"attachment-full size-full\" alt=\"\u00edcone assistencia juridica\" \/><\/div><h3 class=\"w-post-elm post_title usg_post_title_1 entry-title color_link_inherit\"><a href=\"https:\/\/rcointertrade.com\/es\/servico\/asesoramiento-legal-y-contractual\/\">Asesoramiento Legal y Contractual<\/a><\/h3><div class=\"w-post-elm post_content usg_post_content_1\"><p>Elaboraci\u00f3n y an\u00e1lisis de contratos comerciales y documentos de embarque.<\/p>\n<\/div><\/div>\t\t<\/div>\r\n\t<\/article>\r\n\t<article class=\"w-grid-item size_1x1 post-335 servico type-servico status-publish has-post-thumbnail hentry\" data-id=\"335\">\r\n\t\t<div class=\"w-grid-item-h\">\r\n\t\t\t\t\t\t\t<a class=\"w-grid-item-anchor\" href=\"https:\/\/rcointertrade.com\/es\/servico\/asistencia-financiera\/\" rel=\"bookmark\" aria-label=\"Asistencia Financiera\"><\/a>\r\n\t\t\t\t\t\t<div class=\"w-vwrapper usg_vwrapper_1 align_center valign_middle\"><div class=\"w-post-elm post_custom_field usg_post_custom_field_1 type_image\"><img decoding=\"async\" width=\"80\" height=\"80\" src=\"https:\/\/rcointertrade.com\/wp-content\/uploads\/2021\/10\/icone-assistencia-financeira.png\" class=\"attachment-full size-full\" alt=\"\u00edcone assistencia financeira\" \/><\/div><h3 class=\"w-post-elm post_title usg_post_title_1 entry-title color_link_inherit\"><a href=\"https:\/\/rcointertrade.com\/es\/servico\/asistencia-financiera\/\">Asistencia Financiera<\/a><\/h3><div class=\"w-post-elm post_content usg_post_content_1\"><p>Negociaci\u00f3n con bancos autorizados para operar en divisas, evaluaci\u00f3n de los mejores costos de financiamiento, an\u00e1lisis y elaboraci\u00f3n de avales bancarios.<\/p>\n<\/div><\/div>\t\t<\/div>\r\n\t<\/article>\r\n\t<article class=\"w-grid-item size_1x1 post-334 servico type-servico status-publish has-post-thumbnail hentry\" data-id=\"334\">\r\n\t\t<div class=\"w-grid-item-h\">\r\n\t\t\t\t\t\t\t<a class=\"w-grid-item-anchor\" href=\"https:\/\/rcointertrade.com\/es\/servico\/asesoramiento-sobre-calificacion-en-radar\/\" rel=\"bookmark\" aria-label=\"Asesoramiento Sobre Calificaci\u00f3n En RADAR\"><\/a>\r\n\t\t\t\t\t\t<div class=\"w-vwrapper usg_vwrapper_1 align_center valign_middle\"><div class=\"w-post-elm post_custom_field usg_post_custom_field_1 type_image\"><img decoding=\"async\" width=\"80\" height=\"80\" src=\"https:\/\/rcointertrade.com\/wp-content\/uploads\/2021\/10\/icone-assessoria-habilitacao-siscomex.png\" class=\"attachment-full size-full\" alt=\"icone assessoria habilitacao siscomex\" \/><\/div><h3 class=\"w-post-elm post_title usg_post_title_1 entry-title color_link_inherit\"><a href=\"https:\/\/rcointertrade.com\/es\/servico\/asesoramiento-sobre-calificacion-en-radar\/\">Asesoramiento Sobre Calificaci\u00f3n En RADAR<\/a><\/h3><div class=\"w-post-elm post_content usg_post_content_1\"><p>RADAR, orientaci\u00f3n en la presentaci\u00f3n de documentos, estructurando en la modalidad de importaci\u00f3n y neutralizando la ocurrencia de interposici\u00f3n fraudulenta.<\/p>\n<\/div><\/div>\t\t<\/div>\r\n\t<\/article>\r\n<\/div><div class=\"w-grid-preloader\"><div class=\"g-preloader type_1\">\r\n\t<div><\/div>\r\n<\/div>\r\n<\/div>\t<div class=\"w-grid-json hidden\" onclick='return {&quot;action&quot;:&quot;us_ajax_grid&quot;,&quot;ajax_url&quot;:&quot;https:\\\/\\\/rcointertrade.com\\\/wp-admin\\\/admin-ajax.php&quot;,&quot;infinite_scroll&quot;:0,&quot;max_num_pages&quot;:2,&quot;pagination&quot;:&quot;none&quot;,&quot;permalink_url&quot;:&quot;https:\\\/\\\/rcointertrade.com\\\/es\\\/wp-json\\\/wp\\\/v2\\\/pages\\\/305\\\/&quot;,&quot;template_vars&quot;:{&quot;columns&quot;:&quot;3&quot;,&quot;exclude_items&quot;:&quot;none&quot;,&quot;img_size&quot;:&quot;default&quot;,&quot;ignore_items_size&quot;:false,&quot;items_layout&quot;:&quot;161&quot;,&quot;items_offset&quot;:&quot;1&quot;,&quot;load_animation&quot;:&quot;none&quot;,&quot;overriding_link&quot;:&quot;post&quot;,&quot;post_id&quot;:433,&quot;query_args&quot;:{&quot;post_type&quot;:[&quot;servico&quot;],&quot;post_status&quot;:[&quot;publish&quot;],&quot;posts_per_page&quot;:&quot;6&quot;},&quot;orderby_query_args&quot;:{&quot;orderby&quot;:{&quot;date&quot;:&quot;DESC&quot;}},&quot;type&quot;:&quot;grid&quot;,&quot;us_grid_ajax_index&quot;:1,&quot;us_grid_filter_params&quot;:null,&quot;us_grid_index&quot;:2,&quot;_us_grid_post_type&quot;:&quot;servico&quot;,&quot;lang&quot;:&quot;es&quot;}}'><\/div>\r\n\t<\/div><div class=\"w-separator size_small\"><\/div><div class=\"w-btn-wrapper align_center\"><a class=\"w-btn us-btn-style_1\" title=\"Servicios\" href=\"https:\/\/rcointertrade.com\/es\/servicios\/\"><span class=\"w-btn-label\">Sepa M\u00e1s<\/span><\/a><\/div><\/div><\/div><\/div><\/div><\/div><\/section><section class=\"l-section wpb_row height_auto color_primary\"><div class=\"l-section-h i-cf\"><div class=\"g-cols via_flex valign_middle type_default\"><div class=\"vc_col-sm-6 wpb_column vc_column_container has_bg_color stretched\"><div class=\"vc_column-inner us_custom_cb9ac37f\"><div class=\"wpb_wrapper\"><div class=\"w-separator size_custom\" style=\"height:12rem\"><\/div><\/div><\/div><\/div><div class=\"vc_col-sm-6 wpb_column vc_column_container\"><div class=\"vc_column-inner\"><div class=\"wpb_wrapper\"><div class=\"w-separator size_medium\"><\/div><h2 class=\"w-text us_custom_492179a4\"><span class=\"w-text-h\"><span class=\"w-text-value\">UN INTERCAMBIO DE LA RCO INTERTRADE.<\/span><\/span><\/h2><div class=\"wpb_text_column\"><div class=\"wpb_wrapper\"><p>Encontrar el mejor camino es m\u00e1s f\u00e1cil cuando ya conoce las carreteras. RCO InterTrade tiene m\u00e1s de 20 a\u00f1os de experiencia en procesos nacionales e internacionales, relaciones comerciales y legislaci\u00f3n.<\/p>\n<p>Todo para ofrecer las soluciones m\u00e1s eficientes en comercio exterior para su negocio.<\/p>\n<\/div><\/div><div class=\"w-btn-wrapper align_none\"><a class=\"w-btn us-btn-style_3\" title=\"Sobre Nosotros\" href=\"https:\/\/rcointertrade.com\/es\/sobre-nosotros\/\"><span class=\"w-btn-label\">Sepa M\u00e1s<\/span><\/a><\/div><div class=\"w-separator size_medium\"><\/div><\/div><\/div><\/div><\/div><\/div><\/section>\n","protected":false},"excerpt":{"rendered":"Procesos de comercio internacional. RCO InterTrade tiene m\u00e1s de 20 a\u00f1os de experiencia en procedimientos em comercio Internacional y podr\u00e1 proporcionar servicios s\u00f3lidos y confiables en asuntos tales como: Elaboraci\u00f3n de los documentos necesarios. Aspectos importantes que son tomados en cuenta por la Hacienda Federal de Brasil. Importar por cuenta propia, por encomenda o a...","protected":false},"author":2,"featured_media":0,"parent":0,"menu_order":0,"comment_status":"closed","ping_status":"closed","template":"","meta":{"inline_featured_image":false,"footnotes":""},"class_list":["post-305","page","type-page","status-publish","hentry"],"yoast_head":"<!-- This site is optimized with the Yoast SEO plugin v27.4 - https:\/\/yoast.com\/product\/yoast-seo-wordpress\/ -->\n<title>In\u00edcio - RCO Intertrade<\/title>\n<meta name=\"robots\" content=\"index, follow, max-snippet:-1, max-image-preview:large, max-video-preview:-1\" \/>\n<link rel=\"canonical\" href=\"https:\/\/rcointertrade.com\/es\/\" \/>\n<meta property=\"og:locale\" content=\"es_ES\" \/>\n<meta property=\"og:type\" content=\"article\" \/>\n<meta property=\"og:title\" content=\"In\u00edcio - RCO Intertrade\" \/>\n<meta property=\"og:url\" content=\"https:\/\/rcointertrade.com\/es\/\" \/>\n<meta property=\"og:site_name\" content=\"RCO Intertrade\" \/>\n<meta property=\"article:modified_time\" content=\"2022-02-09T17:12:50+00:00\" \/>\n<meta name=\"twitter:card\" content=\"summary_large_image\" \/>\n<meta name=\"twitter:label1\" content=\"Tiempo de lectura\" \/>\n\t<meta name=\"twitter:data1\" content=\"1 minuto\" \/>\n<script type=\"application\/ld+json\" class=\"yoast-schema-graph\">{\"@context\":\"https:\\\/\\\/schema.org\",\"@graph\":[{\"@type\":\"WebPage\",\"@id\":\"https:\\\/\\\/rcointertrade.com\\\/es\\\/\",\"url\":\"https:\\\/\\\/rcointertrade.com\\\/es\\\/\",\"name\":\"In\u00edcio - RCO Intertrade\",\"isPartOf\":{\"@id\":\"https:\\\/\\\/rcointertrade.com\\\/en\\\/#website\"},\"datePublished\":\"2021-12-08T21:52:15+00:00\",\"dateModified\":\"2022-02-09T17:12:50+00:00\",\"breadcrumb\":{\"@id\":\"https:\\\/\\\/rcointertrade.com\\\/es\\\/#breadcrumb\"},\"inLanguage\":\"es\",\"potentialAction\":[{\"@type\":\"ReadAction\",\"target\":[\"https:\\\/\\\/rcointertrade.com\\\/es\\\/\"]}]},{\"@type\":\"BreadcrumbList\",\"@id\":\"https:\\\/\\\/rcointertrade.com\\\/es\\\/#breadcrumb\",\"itemListElement\":[{\"@type\":\"ListItem\",\"position\":1,\"name\":\"In\u00edcio\",\"item\":\"https:\\\/\\\/rcointertrade.com\\\/es\\\/\"},{\"@type\":\"ListItem\",\"position\":2,\"name\":\"In\u00edcio\"}]},{\"@type\":\"WebSite\",\"@id\":\"https:\\\/\\\/rcointertrade.com\\\/en\\\/#website\",\"url\":\"https:\\\/\\\/rcointertrade.com\\\/en\\\/\",\"name\":\"RCO Intertrade\",\"description\":\"Com\u00e9rcio Exterior\",\"potentialAction\":[{\"@type\":\"SearchAction\",\"target\":{\"@type\":\"EntryPoint\",\"urlTemplate\":\"https:\\\/\\\/rcointertrade.com\\\/en\\\/?s={search_term_string}\"},\"query-input\":{\"@type\":\"PropertyValueSpecification\",\"valueRequired\":true,\"valueName\":\"search_term_string\"}}],\"inLanguage\":\"es\"}]}<\/script>\n<!-- \/ Yoast SEO plugin. -->","yoast_head_json":{"title":"In\u00edcio - RCO Intertrade","robots":{"index":"index","follow":"follow","max-snippet":"max-snippet:-1","max-image-preview":"max-image-preview:large","max-video-preview":"max-video-preview:-1"},"canonical":"https:\/\/rcointertrade.com\/es\/","og_locale":"es_ES","og_type":"article","og_title":"In\u00edcio - RCO Intertrade","og_url":"https:\/\/rcointertrade.com\/es\/","og_site_name":"RCO Intertrade","article_modified_time":"2022-02-09T17:12:50+00:00","twitter_card":"summary_large_image","twitter_misc":{"Tiempo de lectura":"1 minuto"},"schema":{"@context":"https:\/\/schema.org","@graph":[{"@type":"WebPage","@id":"https:\/\/rcointertrade.com\/es\/","url":"https:\/\/rcointertrade.com\/es\/","name":"In\u00edcio - RCO Intertrade","isPartOf":{"@id":"https:\/\/rcointertrade.com\/en\/#website"},"datePublished":"2021-12-08T21:52:15+00:00","dateModified":"2022-02-09T17:12:50+00:00","breadcrumb":{"@id":"https:\/\/rcointertrade.com\/es\/#breadcrumb"},"inLanguage":"es","potentialAction":[{"@type":"ReadAction","target":["https:\/\/rcointertrade.com\/es\/"]}]},{"@type":"BreadcrumbList","@id":"https:\/\/rcointertrade.com\/es\/#breadcrumb","itemListElement":[{"@type":"ListItem","position":1,"name":"In\u00edcio","item":"https:\/\/rcointertrade.com\/es\/"},{"@type":"ListItem","position":2,"name":"In\u00edcio"}]},{"@type":"WebSite","@id":"https:\/\/rcointertrade.com\/en\/#website","url":"https:\/\/rcointertrade.com\/en\/","name":"RCO Intertrade","description":"Com\u00e9rcio Exterior","potentialAction":[{"@type":"SearchAction","target":{"@type":"EntryPoint","urlTemplate":"https:\/\/rcointertrade.com\/en\/?s={search_term_string}"},"query-input":{"@type":"PropertyValueSpecification","valueRequired":true,"valueName":"search_term_string"}}],"inLanguage":"es"}]}},"_links":{"self":[{"href":"https:\/\/rcointertrade.com\/es\/wp-json\/wp\/v2\/pages\/305","targetHints":{"allow":["GET"]}}],"collection":[{"href":"https:\/\/rcointertrade.com\/es\/wp-json\/wp\/v2\/pages"}],"about":[{"href":"https:\/\/rcointertrade.com\/es\/wp-json\/wp\/v2\/types\/page"}],"author":[{"embeddable":true,"href":"https:\/\/rcointertrade.com\/es\/wp-json\/wp\/v2\/users\/2"}],"replies":[{"embeddable":true,"href":"https:\/\/rcointertrade.com\/es\/wp-json\/wp\/v2\/comments?post=305"}],"version-history":[{"count":1,"href":"https:\/\/rcointertrade.com\/es\/wp-json\/wp\/v2\/pages\/305\/revisions"}],"predecessor-version":[{"id":551,"href":"https:\/\/rcointertrade.com\/es\/wp-json\/wp\/v2\/pages\/305\/revisions\/551"}],"wp:attachment":[{"href":"https:\/\/rcointertrade.com\/es\/wp-json\/wp\/v2\/media?parent=305"}],"curies":[{"name":"wp","href":"https:\/\/api.w.org\/{rel}","templated":true}]}}